{"id":3995,"date":"2026-03-24T11:56:56","date_gmt":"2026-03-24T11:56:56","guid":{"rendered":"https:\/\/www.agrosynergos.com\/?page_id=3995"},"modified":"2026-03-24T11:58:14","modified_gmt":"2026-03-24T11:58:14","slug":"vizyonumuz","status":"publish","type":"page","link":"https:\/\/www.agrosynergos.com\/?page_id=3995","title":{"rendered":"Vizyonumuz"},"content":{"rendered":"\t\t<div data-elementor-type=\"wp-page\" data-elementor-id=\"3995\" class=\"elementor elementor-3995\">\n\t\t\t\t<div class=\"elementor-element elementor-element-8aab434 e-flex e-con-boxed e-con e-parent\" data-id=\"8aab434\" data-element_type=\"container\" data-e-type=\"container\">\n\t\t\t\t\t<div class=\"e-con-inner\">\n\t\t\t\t<div class=\"elementor-element elementor-element-7afba7c elementor-widget elementor-widget-text-editor\" data-id=\"7afba7c\" data-element_type=\"widget\" data-e-type=\"widget\" data-settings=\"{&quot;wdt_animation_effect&quot;:&quot;none&quot;}\" data-widget_type=\"text-editor.default\">\n\t\t\t\t\t\t\t\t\t<p class=\"p1\">Vizyonumuz, ODT\u00dc\u2019n\u00fcn bilimsel ve m\u00fchendislik kapasitesinden g\u00fc\u00e7 alarak, tar\u0131m teknolojilerinde b\u00f6lgesel \u00f6l\u00e7ekte \u00f6nc\u00fc, uluslararas\u0131 \u00f6l\u00e7ekte g\u00fcvenilir ve etkili bir marka haline gelmektir. Agro Synergos A.\u015e. olarak hedefimiz; T\u00fcrkiye\u2019den do\u011fan, ancak etki alan\u0131 T\u00fcrkiye ile s\u0131n\u0131rl\u0131 kalmayan, Afrika\u2019dan K\u00f6rfez co\u011frafyas\u0131na, T\u00fcrk Cumhuriyetlerinden yeni geli\u015fen pazarlara kadar geni\u015f bir alanda uygulanabilen ileri teknoloji \u00e7\u00f6z\u00fcmleri geli\u015ftirmektir.<\/p><p class=\"p1\">Tar\u0131m\u0131n gelece\u011finin; veri temelli, izlenebilir, \u00e7evreyle uyumlu, ak\u0131ll\u0131 ve b\u00fct\u00fcnc\u00fcl sistemlerle \u015fekillenece\u011fine inan\u0131yoruz. Bu gelece\u011fin yaln\u0131zca b\u00fcy\u00fck \u00f6l\u00e7ekli yat\u0131r\u0131mc\u0131lar i\u00e7in de\u011fil, geni\u015f \u00fcretici tabanlar\u0131 i\u00e7in de eri\u015filebilir olmas\u0131 gerekti\u011fini savunuyoruz. Bu nedenle vizyonumuz, ileri teknolojiyi sahada kullan\u0131labilir hale getiren, yenili\u011fi pratik faydaya d\u00f6n\u00fc\u015ft\u00fcren ve s\u00fcrd\u00fcr\u00fclebilirli\u011fi \u00f6l\u00e7\u00fclebilir k\u0131lan bir d\u00f6n\u00fc\u015f\u00fcm modeline \u00f6nc\u00fcl\u00fck etmektir.<\/p>\t\t\t\t\t\t\t\t<\/div>\n\t\t\t\t\t<\/div>\n\t\t\t\t<\/div>\n\t\t\t\t<\/div>\n\t\t","protected":false},"excerpt":{"rendered":"<p>Vizyonumuz, ODT\u00dc\u2019n\u00fcn bilimsel ve m\u00fchendislik kapasitesinden g\u00fc\u00e7 alarak, tar\u0131m teknolojilerinde b\u00f6lgesel \u00f6l\u00e7ekte \u00f6nc\u00fc, uluslararas\u0131 \u00f6l\u00e7ekte g\u00fcvenilir ve etkili bir marka haline gelmektir. Agro Synergos A.\u015e. olarak hedefimiz; T\u00fcrkiye\u2019den do\u011fan, ancak etki alan\u0131 T\u00fcrkiye ile s\u0131n\u0131rl\u0131 kalmayan, Afrika\u2019dan K\u00f6rfez co\u011frafyas\u0131na, T\u00fcrk Cumhuriyetlerinden yeni geli\u015fen pazarlara kadar geni\u015f bir alanda uygulanabilen ileri teknoloji \u00e7\u00f6z\u00fcmleri geli\u015ftirmektir. Tar\u0131m\u0131n gelece\u011finin; [&hellip;]<\/p>\n","protected":false},"author":2,"featured_media":0,"parent":0,"menu_order":0,"comment_status":"closed","ping_status":"closed","template":"","meta":{"_monsterinsights_skip_tracking":false,"_monsterinsights_sitenote_active":false,"_monsterinsights_sitenote_note":"","_monsterinsights_sitenote_category":0,"footnotes":""},"class_list":["post-3995","page","type-page","status-publish","hentry"],"aioseo_notices":[],"_links":{"self":[{"href":"https:\/\/www.agrosynergos.com\/index.php?rest_route=\/wp\/v2\/pages\/3995","targetHints":{"allow":["GET"]}}],"collection":[{"href":"https:\/\/www.agrosynergos.com\/index.php?rest_route=\/wp\/v2\/pages"}],"about":[{"href":"https:\/\/www.agrosynergos.com\/index.php?rest_route=\/wp\/v2\/types\/page"}],"author":[{"embeddable":true,"href":"https:\/\/www.agrosynergos.com\/index.php?rest_route=\/wp\/v2\/users\/2"}],"replies":[{"embeddable":true,"href":"https:\/\/www.agrosynergos.com\/index.php?rest_route=%2Fwp%2Fv2%2Fcomments&post=3995"}],"version-history":[{"count":4,"href":"https:\/\/www.agrosynergos.com\/index.php?rest_route=\/wp\/v2\/pages\/3995\/revisions"}],"predecessor-version":[{"id":3999,"href":"https:\/\/www.agrosynergos.com\/index.php?rest_route=\/wp\/v2\/pages\/3995\/revisions\/3999"}],"wp:attachment":[{"href":"https:\/\/www.agrosynergos.com\/index.php?rest_route=%2Fwp%2Fv2%2Fmedia&parent=3995"}],"curies":[{"name":"wp","href":"https:\/\/api.w.org\/{rel}","templated":true}]}}