{"id":4010,"date":"2026-03-24T12:17:12","date_gmt":"2026-03-24T12:17:12","guid":{"rendered":"https:\/\/www.agrosynergos.com\/?page_id=4010"},"modified":"2026-03-24T12:19:38","modified_gmt":"2026-03-24T12:19:38","slug":"buyukbas-hayvancilik-teknolojileri","status":"publish","type":"page","link":"https:\/\/www.agrosynergos.com\/?page_id=4010","title":{"rendered":"B\u00fcy\u00fckba\u015f Hayvanc\u0131l\u0131k Teknolojileri"},"content":{"rendered":"\t\t<div data-elementor-type=\"wp-page\" data-elementor-id=\"4010\" class=\"elementor elementor-4010\">\n\t\t\t\t<div class=\"elementor-element elementor-element-f96ff27 e-flex e-con-boxed e-con e-parent\" data-id=\"f96ff27\" data-element_type=\"container\" data-e-type=\"container\">\n\t\t\t\t\t<div class=\"e-con-inner\">\n\t\t<div class=\"elementor-element elementor-element-bd9aa2c e-con-full e-flex e-con e-child\" data-id=\"bd9aa2c\" data-element_type=\"container\" data-e-type=\"container\">\n\t\t\t\t<div class=\"elementor-element elementor-element-d89e207 elementor-widget elementor-widget-image\" data-id=\"d89e207\" data-element_type=\"widget\" data-e-type=\"widget\" data-settings=\"{&quot;wdt_animation_effect&quot;:&quot;none&quot;}\" data-widget_type=\"image.default\">\n\t\t\t\t\t\t\t\t\t\t\t\t\t\t\t<img fetchpriority=\"high\" decoding=\"async\" width=\"408\" height=\"728\" src=\"https:\/\/www.agrosynergos.com\/wp-content\/uploads\/2026\/03\/StockCake-Cow_in_barn-1466960-medium.webp\" class=\"attachment-large size-large wp-image-4013\" alt=\"\" srcset=\"https:\/\/www.agrosynergos.com\/wp-content\/uploads\/2026\/03\/StockCake-Cow_in_barn-1466960-medium.webp 408w, https:\/\/www.agrosynergos.com\/wp-content\/uploads\/2026\/03\/StockCake-Cow_in_barn-1466960-medium-168x300.webp 168w\" sizes=\"(max-width: 408px) 100vw, 408px\" \/>\t\t\t\t\t\t\t\t\t\t\t\t\t\t\t<\/div>\n\t\t\t\t<\/div>\n\t\t<div class=\"elementor-element elementor-element-5952543 e-con-full e-flex e-con e-child\" data-id=\"5952543\" data-element_type=\"container\" data-e-type=\"container\">\n\t\t\t\t<div class=\"elementor-element elementor-element-9129323 elementor-widget elementor-widget-text-editor\" data-id=\"9129323\" data-element_type=\"widget\" data-e-type=\"widget\" data-settings=\"{&quot;wdt_animation_effect&quot;:&quot;none&quot;}\" data-widget_type=\"text-editor.default\">\n\t\t\t\t\t\t\t\t\t<p class=\"p1\">B\u00fcy\u00fckba\u015f hayvanc\u0131l\u0131kta verim kay\u0131plar\u0131n\u0131n \u00f6nemli nedenlerinden biri hayvan ayak sa\u011fl\u0131\u011f\u0131 ve topall\u0131k problemleridir. Agro Synergos olarak, bu alanda hayvan sa\u011fl\u0131\u011f\u0131n\u0131 destekleyen, hareket verilerini izleyebilen ve erken uyar\u0131 mekanizmalar\u0131 olu\u015fturabilen sens\u00f6rl\u00fc ayak aparat\u0131 sistemleri \u00fczerinde \u00e7al\u0131\u015f\u0131yoruz. Hedefimiz, hayvanda stres, hareket bozuklu\u011fu, topall\u0131k ve buna ba\u011fl\u0131 s\u00fct ya da et verimi kay\u0131plar\u0131n\u0131 erken a\u015famada tespit etmek; \u00fcreticiye hem ekonomik hem de hayvan refah\u0131 a\u00e7\u0131s\u0131ndan \u00f6nemli avantajlar sunmakt\u0131r.<\/p><p class=\"p1\">Bu yakla\u015f\u0131m, klasik g\u00f6zleme dayal\u0131 takip sistemlerinin \u00f6tesine ge\u00e7erek, veri odakl\u0131 hayvanc\u0131l\u0131k uygulamalar\u0131na ge\u00e7i\u015fi desteklemektedir. Geli\u015ftirilen \u00e7\u00f6z\u00fcmler ayn\u0131 zamanda s\u00fcr\u00fc y\u00f6netimi, sa\u011fl\u0131k takibi ve dijital kay\u0131t altyap\u0131lar\u0131yla entegre \u00e7al\u0131\u015fabilecek \u015fekilde tasarlanmaktad\u0131r.<\/p>\t\t\t\t\t\t\t\t<\/div>\n\t\t\t\t<\/div>\n\t\t\t\t\t<\/div>\n\t\t\t\t<\/div>\n\t\t\t\t<\/div>\n\t\t","protected":false},"excerpt":{"rendered":"<p>B\u00fcy\u00fckba\u015f hayvanc\u0131l\u0131kta verim kay\u0131plar\u0131n\u0131n \u00f6nemli nedenlerinden biri hayvan ayak sa\u011fl\u0131\u011f\u0131 ve topall\u0131k problemleridir. Agro Synergos olarak, bu alanda hayvan sa\u011fl\u0131\u011f\u0131n\u0131 destekleyen, hareket verilerini izleyebilen ve erken uyar\u0131 mekanizmalar\u0131 olu\u015fturabilen sens\u00f6rl\u00fc ayak aparat\u0131 sistemleri \u00fczerinde \u00e7al\u0131\u015f\u0131yoruz. Hedefimiz, hayvanda stres, hareket bozuklu\u011fu, topall\u0131k ve buna ba\u011fl\u0131 s\u00fct ya da et verimi kay\u0131plar\u0131n\u0131 erken a\u015famada tespit etmek; \u00fcreticiye [&hellip;]<\/p>\n","protected":false},"author":2,"featured_media":0,"parent":0,"menu_order":0,"comment_status":"closed","ping_status":"closed","template":"","meta":{"_monsterinsights_skip_tracking":false,"_monsterinsights_sitenote_active":false,"_monsterinsights_sitenote_note":"","_monsterinsights_sitenote_category":0,"footnotes":""},"class_list":["post-4010","page","type-page","status-publish","hentry"],"aioseo_notices":[],"_links":{"self":[{"href":"https:\/\/www.agrosynergos.com\/index.php?rest_route=\/wp\/v2\/pages\/4010","targetHints":{"allow":["GET"]}}],"collection":[{"href":"https:\/\/www.agrosynergos.com\/index.php?rest_route=\/wp\/v2\/pages"}],"about":[{"href":"https:\/\/www.agrosynergos.com\/index.php?rest_route=\/wp\/v2\/types\/page"}],"author":[{"embeddable":true,"href":"https:\/\/www.agrosynergos.com\/index.php?rest_route=\/wp\/v2\/users\/2"}],"replies":[{"embeddable":true,"href":"https:\/\/www.agrosynergos.com\/index.php?rest_route=%2Fwp%2Fv2%2Fcomments&post=4010"}],"version-history":[{"count":4,"href":"https:\/\/www.agrosynergos.com\/index.php?rest_route=\/wp\/v2\/pages\/4010\/revisions"}],"predecessor-version":[{"id":4016,"href":"https:\/\/www.agrosynergos.com\/index.php?rest_route=\/wp\/v2\/pages\/4010\/revisions\/4016"}],"wp:attachment":[{"href":"https:\/\/www.agrosynergos.com\/index.php?rest_route=%2Fwp%2Fv2%2Fmedia&parent=4010"}],"curies":[{"name":"wp","href":"https:\/\/api.w.org\/{rel}","templated":true}]}}