{"id":4018,"date":"2026-03-24T12:21:11","date_gmt":"2026-03-24T12:21:11","guid":{"rendered":"https:\/\/www.agrosynergos.com\/?page_id=4018"},"modified":"2026-03-24T12:29:16","modified_gmt":"2026-03-24T12:29:16","slug":"kanatli-teknolojileri-ve-atik-degerlendirme-sistemleri","status":"publish","type":"page","link":"https:\/\/www.agrosynergos.com\/?page_id=4018","title":{"rendered":"Kanatl\u0131 Teknolojileri ve At\u0131k De\u011ferlendirme Sistemleri"},"content":{"rendered":"\t\t<div data-elementor-type=\"wp-page\" data-elementor-id=\"4018\" class=\"elementor elementor-4018\">\n\t\t\t\t<div class=\"elementor-element elementor-element-02d131d e-flex e-con-boxed e-con e-parent\" data-id=\"02d131d\" data-element_type=\"container\" data-e-type=\"container\">\n\t\t\t\t\t<div class=\"e-con-inner\">\n\t\t<div class=\"elementor-element elementor-element-8af0fcf e-con-full e-flex e-con e-child\" data-id=\"8af0fcf\" data-element_type=\"container\" data-e-type=\"container\">\n\t\t\t\t<div class=\"elementor-element elementor-element-d96c611 elementor-widget elementor-widget-image\" data-id=\"d96c611\" data-element_type=\"widget\" data-e-type=\"widget\" data-settings=\"{&quot;wdt_animation_effect&quot;:&quot;none&quot;}\" data-widget_type=\"image.default\">\n\t\t\t\t\t\t\t\t\t\t\t\t\t\t\t<img fetchpriority=\"high\" decoding=\"async\" width=\"1024\" height=\"683\" src=\"https:\/\/www.agrosynergos.com\/wp-content\/uploads\/2026\/03\/ChatGPT-Image-Mar-24-2026-03_27_27-PM-1024x683.png\" class=\"attachment-large size-large wp-image-4020\" alt=\"\" srcset=\"https:\/\/www.agrosynergos.com\/wp-content\/uploads\/2026\/03\/ChatGPT-Image-Mar-24-2026-03_27_27-PM-1024x683.png 1024w, https:\/\/www.agrosynergos.com\/wp-content\/uploads\/2026\/03\/ChatGPT-Image-Mar-24-2026-03_27_27-PM-300x200.png 300w, https:\/\/www.agrosynergos.com\/wp-content\/uploads\/2026\/03\/ChatGPT-Image-Mar-24-2026-03_27_27-PM-768x512.png 768w, https:\/\/www.agrosynergos.com\/wp-content\/uploads\/2026\/03\/ChatGPT-Image-Mar-24-2026-03_27_27-PM-1000x667.png 1000w, https:\/\/www.agrosynergos.com\/wp-content\/uploads\/2026\/03\/ChatGPT-Image-Mar-24-2026-03_27_27-PM.png 1536w\" sizes=\"(max-width: 1024px) 100vw, 1024px\" \/>\t\t\t\t\t\t\t\t\t\t\t\t\t\t\t<\/div>\n\t\t\t\t<\/div>\n\t\t<div class=\"elementor-element elementor-element-dae176a e-con-full e-flex e-con e-child\" data-id=\"dae176a\" data-element_type=\"container\" data-e-type=\"container\">\n\t\t\t\t<div class=\"elementor-element elementor-element-2dedfda elementor-widget elementor-widget-text-editor\" data-id=\"2dedfda\" data-element_type=\"widget\" data-e-type=\"widget\" data-settings=\"{&quot;wdt_animation_effect&quot;:&quot;none&quot;}\" data-widget_type=\"text-editor.default\">\n\t\t\t\t\t\t\t\t\t<p class=\"p1\">Kanatl\u0131 yeti\u015ftiricili\u011fi alan\u0131nda, d\u00fc\u015f\u00fck dozlu ve y\u00fcksek etkinlikli yem takviyelerinin geli\u015ftirilmesi temel \u00e7al\u0131\u015fma ba\u015fl\u0131klar\u0131m\u0131zdan biridir. Bu alanda ama\u00e7; yemden yararlanmay\u0131 art\u0131ran, hayvan sa\u011fl\u0131\u011f\u0131n\u0131 destekleyen, performans\u0131 iyile\u015ftiren ve i\u015fletme maliyetlerini azaltan yenilik\u00e7i \u00e7\u00f6z\u00fcmler \u00fcretmektir.<\/p><p class=\"p1\">Bununla birlikte, tavuk \u00e7iftliklerinde ortaya \u00e7\u0131kan at\u0131klar\u0131n \u00e7evresel y\u00fck olu\u015fturmadan y\u00f6netilmesi i\u00e7in at\u0131klar\u0131n karbon bazl\u0131 \u00fcr\u00fcnlere d\u00f6n\u00fc\u015ft\u00fcr\u00fclmesi, bertaraf s\u00fcre\u00e7lerinin iyile\u015ftirilmesi ve bu yan \u00fcr\u00fcnlerin tar\u0131mda yeniden de\u011ferlendirilmesine y\u00f6nelik teknolojiler de geli\u015ftirmekteyiz. Bu yakla\u015f\u0131m, at\u0131\u011f\u0131n sorun olmaktan \u00e7\u0131kar\u0131l\u0131p katma de\u011ferli bir girdiye d\u00f6n\u00fc\u015ft\u00fcr\u00fclmesini hedefleyen d\u00f6ng\u00fcsel ekonomi temelli bir yakla\u015f\u0131md\u0131r.<\/p>\t\t\t\t\t\t\t\t<\/div>\n\t\t\t\t<\/div>\n\t\t\t\t\t<\/div>\n\t\t\t\t<\/div>\n\t\t\t\t<\/div>\n\t\t","protected":false},"excerpt":{"rendered":"<p>Kanatl\u0131 yeti\u015ftiricili\u011fi alan\u0131nda, d\u00fc\u015f\u00fck dozlu ve y\u00fcksek etkinlikli yem takviyelerinin geli\u015ftirilmesi temel \u00e7al\u0131\u015fma ba\u015fl\u0131klar\u0131m\u0131zdan biridir. Bu alanda ama\u00e7; yemden yararlanmay\u0131 art\u0131ran, hayvan sa\u011fl\u0131\u011f\u0131n\u0131 destekleyen, performans\u0131 iyile\u015ftiren ve i\u015fletme maliyetlerini azaltan yenilik\u00e7i \u00e7\u00f6z\u00fcmler \u00fcretmektir. Bununla birlikte, tavuk \u00e7iftliklerinde ortaya \u00e7\u0131kan at\u0131klar\u0131n \u00e7evresel y\u00fck olu\u015fturmadan y\u00f6netilmesi i\u00e7in at\u0131klar\u0131n karbon bazl\u0131 \u00fcr\u00fcnlere d\u00f6n\u00fc\u015ft\u00fcr\u00fclmesi, bertaraf s\u00fcre\u00e7lerinin iyile\u015ftirilmesi ve bu [&hellip;]<\/p>\n","protected":false},"author":2,"featured_media":0,"parent":0,"menu_order":0,"comment_status":"closed","ping_status":"closed","template":"","meta":{"_monsterinsights_skip_tracking":false,"_monsterinsights_sitenote_active":false,"_monsterinsights_sitenote_note":"","_monsterinsights_sitenote_category":0,"footnotes":""},"class_list":["post-4018","page","type-page","status-publish","hentry"],"aioseo_notices":[],"_links":{"self":[{"href":"https:\/\/www.agrosynergos.com\/index.php?rest_route=\/wp\/v2\/pages\/4018","targetHints":{"allow":["GET"]}}],"collection":[{"href":"https:\/\/www.agrosynergos.com\/index.php?rest_route=\/wp\/v2\/pages"}],"about":[{"href":"https:\/\/www.agrosynergos.com\/index.php?rest_route=\/wp\/v2\/types\/page"}],"author":[{"embeddable":true,"href":"https:\/\/www.agrosynergos.com\/index.php?rest_route=\/wp\/v2\/users\/2"}],"replies":[{"embeddable":true,"href":"https:\/\/www.agrosynergos.com\/index.php?rest_route=%2Fwp%2Fv2%2Fcomments&post=4018"}],"version-history":[{"count":4,"href":"https:\/\/www.agrosynergos.com\/index.php?rest_route=\/wp\/v2\/pages\/4018\/revisions"}],"predecessor-version":[{"id":4023,"href":"https:\/\/www.agrosynergos.com\/index.php?rest_route=\/wp\/v2\/pages\/4018\/revisions\/4023"}],"wp:attachment":[{"href":"https:\/\/www.agrosynergos.com\/index.php?rest_route=%2Fwp%2Fv2%2Fmedia&parent=4018"}],"curies":[{"name":"wp","href":"https:\/\/api.w.org\/{rel}","templated":true}]}}