{"id":4062,"date":"2026-03-26T08:47:11","date_gmt":"2026-03-26T08:47:11","guid":{"rendered":"https:\/\/www.agrosynergos.com\/?page_id=4062"},"modified":"2026-03-26T08:50:03","modified_gmt":"2026-03-26T08:50:03","slug":"nano-gubre-ve-yeni-nesil-bitki-besleme-teknolojileri","status":"publish","type":"page","link":"https:\/\/www.agrosynergos.com\/?page_id=4062","title":{"rendered":"Nano G\u00fcbre ve Yeni Nesil Bitki Besleme Teknolojileri"},"content":{"rendered":"\t\t<div data-elementor-type=\"wp-page\" data-elementor-id=\"4062\" class=\"elementor elementor-4062\">\n\t\t\t\t<div class=\"elementor-element elementor-element-11e9096 e-flex e-con-boxed e-con e-parent\" data-id=\"11e9096\" data-element_type=\"container\" data-e-type=\"container\">\n\t\t\t\t\t<div class=\"e-con-inner\">\n\t\t\t\t<div class=\"elementor-element elementor-element-fcea91d elementor-widget elementor-widget-image\" data-id=\"fcea91d\" data-element_type=\"widget\" data-e-type=\"widget\" data-settings=\"{&quot;wdt_animation_effect&quot;:&quot;none&quot;}\" data-widget_type=\"image.default\">\n\t\t\t\t\t\t\t\t\t\t\t\t\t\t\t<img fetchpriority=\"high\" decoding=\"async\" width=\"464\" height=\"832\" src=\"https:\/\/www.agrosynergos.com\/wp-content\/uploads\/2026\/03\/StockCake-Iridescent_Nano_Geometry-3200631-medium.jpg\" class=\"attachment-large size-large wp-image-4064\" alt=\"\" srcset=\"https:\/\/www.agrosynergos.com\/wp-content\/uploads\/2026\/03\/StockCake-Iridescent_Nano_Geometry-3200631-medium.jpg 464w, https:\/\/www.agrosynergos.com\/wp-content\/uploads\/2026\/03\/StockCake-Iridescent_Nano_Geometry-3200631-medium-167x300.jpg 167w\" sizes=\"(max-width: 464px) 100vw, 464px\" \/>\t\t\t\t\t\t\t\t\t\t\t\t\t\t\t<\/div>\n\t\t<div class=\"elementor-element elementor-element-6e2ca7c e-con-full e-flex e-con e-child\" data-id=\"6e2ca7c\" data-element_type=\"container\" data-e-type=\"container\">\n\t\t\t\t<div class=\"elementor-element elementor-element-d3b4559 elementor-widget elementor-widget-text-editor\" data-id=\"d3b4559\" data-element_type=\"widget\" data-e-type=\"widget\" data-settings=\"{&quot;wdt_animation_effect&quot;:&quot;none&quot;}\" data-widget_type=\"text-editor.default\">\n\t\t\t\t\t\t\t\t\t<p class=\"p1\">Tar\u0131mda verimlilik ve kalite art\u0131\u015f\u0131n\u0131n temel unsurlar\u0131ndan biri do\u011fru bitki besleme y\u00f6netimidir. Agro Synergos, g\u00fcbre olarak kullan\u0131lan elementlerin nano g\u00fcbre formunda geli\u015ftirilmesine y\u00f6nelik Ar-Ge \u00e7al\u0131\u015fmalar\u0131 y\u00fcr\u00fctmektedir. Bu alandaki hedefimiz; besin elementlerinin bitki taraf\u0131ndan daha etkin kullan\u0131lmas\u0131n\u0131 sa\u011flayan, kay\u0131plar\u0131 azaltan, daha d\u00fc\u015f\u00fck dozlarda daha y\u00fcksek etki g\u00f6steren ve \u00e7evre \u00fczerindeki y\u00fck\u00fc azaltan yeni nesil form\u00fclasyonlar geli\u015ftirmektir.<\/p><p class=\"p1\">Nano g\u00fcbre teknolojileri, klasik g\u00fcbreleme yakla\u015f\u0131mlar\u0131na k\u0131yasla daha hassas, kontroll\u00fc ve hedef odakl\u0131 uygulama imk\u00e2n\u0131 sunmaktad\u0131r. Bu sistemler, hem a\u00e7\u0131k alan \u00fcretimde hem de kontroll\u00fc \u00fcretim sistemlerinde kullan\u0131labilecek \u015fekilde tasarlanmaktad\u0131r.<\/p>\t\t\t\t\t\t\t\t<\/div>\n\t\t\t\t<\/div>\n\t\t\t\t\t<\/div>\n\t\t\t\t<\/div>\n\t\t\t\t<\/div>\n\t\t","protected":false},"excerpt":{"rendered":"<p>Tar\u0131mda verimlilik ve kalite art\u0131\u015f\u0131n\u0131n temel unsurlar\u0131ndan biri do\u011fru bitki besleme y\u00f6netimidir. Agro Synergos, g\u00fcbre olarak kullan\u0131lan elementlerin nano g\u00fcbre formunda geli\u015ftirilmesine y\u00f6nelik Ar-Ge \u00e7al\u0131\u015fmalar\u0131 y\u00fcr\u00fctmektedir. Bu alandaki hedefimiz; besin elementlerinin bitki taraf\u0131ndan daha etkin kullan\u0131lmas\u0131n\u0131 sa\u011flayan, kay\u0131plar\u0131 azaltan, daha d\u00fc\u015f\u00fck dozlarda daha y\u00fcksek etki g\u00f6steren ve \u00e7evre \u00fczerindeki y\u00fck\u00fc azaltan yeni nesil form\u00fclasyonlar geli\u015ftirmektir. [&hellip;]<\/p>\n","protected":false},"author":2,"featured_media":0,"parent":0,"menu_order":0,"comment_status":"closed","ping_status":"closed","template":"","meta":{"_monsterinsights_skip_tracking":false,"_monsterinsights_sitenote_active":false,"_monsterinsights_sitenote_note":"","_monsterinsights_sitenote_category":0,"footnotes":""},"class_list":["post-4062","page","type-page","status-publish","hentry"],"aioseo_notices":[],"_links":{"self":[{"href":"https:\/\/www.agrosynergos.com\/index.php?rest_route=\/wp\/v2\/pages\/4062","targetHints":{"allow":["GET"]}}],"collection":[{"href":"https:\/\/www.agrosynergos.com\/index.php?rest_route=\/wp\/v2\/pages"}],"about":[{"href":"https:\/\/www.agrosynergos.com\/index.php?rest_route=\/wp\/v2\/types\/page"}],"author":[{"embeddable":true,"href":"https:\/\/www.agrosynergos.com\/index.php?rest_route=\/wp\/v2\/users\/2"}],"replies":[{"embeddable":true,"href":"https:\/\/www.agrosynergos.com\/index.php?rest_route=%2Fwp%2Fv2%2Fcomments&post=4062"}],"version-history":[{"count":4,"href":"https:\/\/www.agrosynergos.com\/index.php?rest_route=\/wp\/v2\/pages\/4062\/revisions"}],"predecessor-version":[{"id":4067,"href":"https:\/\/www.agrosynergos.com\/index.php?rest_route=\/wp\/v2\/pages\/4062\/revisions\/4067"}],"wp:attachment":[{"href":"https:\/\/www.agrosynergos.com\/index.php?rest_route=%2Fwp%2Fv2%2Fmedia&parent=4062"}],"curies":[{"name":"wp","href":"https:\/\/api.w.org\/{rel}","templated":true}]}}