{"id":4069,"date":"2026-03-26T08:50:52","date_gmt":"2026-03-26T08:50:52","guid":{"rendered":"https:\/\/www.agrosynergos.com\/?page_id=4069"},"modified":"2026-03-26T08:52:30","modified_gmt":"2026-03-26T08:52:30","slug":"leonardit-ve-organik-atiklardan-hibrit-granul-gubre-formulasyonlari","status":"publish","type":"page","link":"https:\/\/www.agrosynergos.com\/?page_id=4069","title":{"rendered":"Leonardit ve Organik At\u0131klardan Hibrit Gran\u00fcl G\u00fcbre Form\u00fclasyonlar\u0131"},"content":{"rendered":"\t\t<div data-elementor-type=\"wp-page\" data-elementor-id=\"4069\" class=\"elementor elementor-4069\">\n\t\t\t\t<div class=\"elementor-element elementor-element-94d5f50 e-flex e-con-boxed e-con e-parent\" data-id=\"94d5f50\" data-element_type=\"container\" data-e-type=\"container\">\n\t\t\t\t\t<div class=\"e-con-inner\">\n\t\t<div class=\"elementor-element elementor-element-62da0bd e-con-full e-flex e-con e-child\" data-id=\"62da0bd\" data-element_type=\"container\" data-e-type=\"container\">\n\t\t\t\t<div class=\"elementor-element elementor-element-7897cd2 elementor-widget elementor-widget-image\" data-id=\"7897cd2\" data-element_type=\"widget\" data-e-type=\"widget\" data-settings=\"{&quot;wdt_animation_effect&quot;:&quot;none&quot;}\" data-widget_type=\"image.default\">\n\t\t\t\t\t\t\t\t\t\t\t\t\t\t\t<img fetchpriority=\"high\" decoding=\"async\" width=\"384\" height=\"672\" src=\"https:\/\/www.agrosynergos.com\/wp-content\/uploads\/2026\/03\/StockCake-Growth_Through_Light-1826735-medium.webp\" class=\"attachment-large size-large wp-image-4071\" alt=\"\" srcset=\"https:\/\/www.agrosynergos.com\/wp-content\/uploads\/2026\/03\/StockCake-Growth_Through_Light-1826735-medium.webp 384w, https:\/\/www.agrosynergos.com\/wp-content\/uploads\/2026\/03\/StockCake-Growth_Through_Light-1826735-medium-171x300.webp 171w\" sizes=\"(max-width: 384px) 100vw, 384px\" \/>\t\t\t\t\t\t\t\t\t\t\t\t\t\t\t<\/div>\n\t\t\t\t<\/div>\n\t\t<div class=\"elementor-element elementor-element-8d4774f e-con-full e-flex e-con e-child\" data-id=\"8d4774f\" data-element_type=\"container\" data-e-type=\"container\">\n\t\t\t\t<div class=\"elementor-element elementor-element-5ee5107 elementor-widget elementor-widget-text-editor\" data-id=\"5ee5107\" data-element_type=\"widget\" data-e-type=\"widget\" data-settings=\"{&quot;wdt_animation_effect&quot;:&quot;none&quot;}\" data-widget_type=\"text-editor.default\">\n\t\t\t\t\t\t\t\t\t<p class=\"p1\">\u015eirketimizin \u00f6nemli \u00e7al\u0131\u015fma alanlar\u0131ndan biri de leonardit ve \u00e7e\u015fitli organik at\u0131klardan hibrit gran\u00fcl g\u00fcbre form\u00fclasyonlar\u0131 geli\u015ftirilmesidir. Bu kapsamda ama\u00e7, yerli kaynaklar\u0131 ve geri kazan\u0131labilir organik materyalleri kullanarak bitki besleme alan\u0131nda yenilik\u00e7i, s\u00fcrd\u00fcr\u00fclebilir ve ekonomik \u00fcr\u00fcnler ortaya koymakt\u0131r.<\/p><p class=\"p1\">Bu yakla\u015f\u0131m yaln\u0131zca g\u00fcbre \u00fcretimine de\u011fil, ayn\u0131 zamanda at\u0131k y\u00f6netimi, toprak sa\u011fl\u0131\u011f\u0131n\u0131n g\u00fc\u00e7lendirilmesi, organik madde i\u00e7eri\u011finin art\u0131r\u0131lmas\u0131 ve kimyasal girdi ba\u011f\u0131ml\u0131l\u0131\u011f\u0131n\u0131n azalt\u0131lmas\u0131 hedeflerine de hizmet etmektedir. Agro Synergos, sahaya uyarlanabilir ve ticari de\u011feri y\u00fcksek form\u00fclasyonlar geli\u015ftirerek hem yerel hem de uluslararas\u0131 pazarlarda rekabet\u00e7i \u00e7\u00f6z\u00fcmler sunmay\u0131 hedeflemektedir.<\/p>\t\t\t\t\t\t\t\t<\/div>\n\t\t\t\t<\/div>\n\t\t\t\t\t<\/div>\n\t\t\t\t<\/div>\n\t\t\t\t<\/div>\n\t\t","protected":false},"excerpt":{"rendered":"<p>\u015eirketimizin \u00f6nemli \u00e7al\u0131\u015fma alanlar\u0131ndan biri de leonardit ve \u00e7e\u015fitli organik at\u0131klardan hibrit gran\u00fcl g\u00fcbre form\u00fclasyonlar\u0131 geli\u015ftirilmesidir. Bu kapsamda ama\u00e7, yerli kaynaklar\u0131 ve geri kazan\u0131labilir organik materyalleri kullanarak bitki besleme alan\u0131nda yenilik\u00e7i, s\u00fcrd\u00fcr\u00fclebilir ve ekonomik \u00fcr\u00fcnler ortaya koymakt\u0131r. Bu yakla\u015f\u0131m yaln\u0131zca g\u00fcbre \u00fcretimine de\u011fil, ayn\u0131 zamanda at\u0131k y\u00f6netimi, toprak sa\u011fl\u0131\u011f\u0131n\u0131n g\u00fc\u00e7lendirilmesi, organik madde i\u00e7eri\u011finin art\u0131r\u0131lmas\u0131 ve [&hellip;]<\/p>\n","protected":false},"author":2,"featured_media":0,"parent":0,"menu_order":0,"comment_status":"closed","ping_status":"closed","template":"","meta":{"_monsterinsights_skip_tracking":false,"_monsterinsights_sitenote_active":false,"_monsterinsights_sitenote_note":"","_monsterinsights_sitenote_category":0,"footnotes":""},"class_list":["post-4069","page","type-page","status-publish","hentry"],"aioseo_notices":[],"_links":{"self":[{"href":"https:\/\/www.agrosynergos.com\/index.php?rest_route=\/wp\/v2\/pages\/4069","targetHints":{"allow":["GET"]}}],"collection":[{"href":"https:\/\/www.agrosynergos.com\/index.php?rest_route=\/wp\/v2\/pages"}],"about":[{"href":"https:\/\/www.agrosynergos.com\/index.php?rest_route=\/wp\/v2\/types\/page"}],"author":[{"embeddable":true,"href":"https:\/\/www.agrosynergos.com\/index.php?rest_route=\/wp\/v2\/users\/2"}],"replies":[{"embeddable":true,"href":"https:\/\/www.agrosynergos.com\/index.php?rest_route=%2Fwp%2Fv2%2Fcomments&post=4069"}],"version-history":[{"count":4,"href":"https:\/\/www.agrosynergos.com\/index.php?rest_route=\/wp\/v2\/pages\/4069\/revisions"}],"predecessor-version":[{"id":4074,"href":"https:\/\/www.agrosynergos.com\/index.php?rest_route=\/wp\/v2\/pages\/4069\/revisions\/4074"}],"wp:attachment":[{"href":"https:\/\/www.agrosynergos.com\/index.php?rest_route=%2Fwp%2Fv2%2Fmedia&parent=4069"}],"curies":[{"name":"wp","href":"https:\/\/api.w.org\/{rel}","templated":true}]}}