{"id":4103,"date":"2026-03-26T09:12:45","date_gmt":"2026-03-26T09:12:45","guid":{"rendered":"https:\/\/www.agrosynergos.com\/?page_id=4103"},"modified":"2026-03-26T09:13:40","modified_gmt":"2026-03-26T09:13:40","slug":"karbon-ayak-izi-su-ayak-izi-ve-izlenebilirlik-sistemleri","status":"publish","type":"page","link":"https:\/\/www.agrosynergos.com\/?page_id=4103","title":{"rendered":"Karbon Ayak \u0130zi, Su Ayak \u0130zi ve \u0130zlenebilirlik Sistemleri"},"content":{"rendered":"\t\t<div data-elementor-type=\"wp-page\" data-elementor-id=\"4103\" class=\"elementor elementor-4103\">\n\t\t\t\t<div class=\"elementor-element elementor-element-e4aace7 e-flex e-con-boxed e-con e-parent\" data-id=\"e4aace7\" data-element_type=\"container\" data-e-type=\"container\">\n\t\t\t\t\t<div class=\"e-con-inner\">\n\t\t<div class=\"elementor-element elementor-element-9d40aaa e-con-full e-flex e-con e-child\" data-id=\"9d40aaa\" data-element_type=\"container\" data-e-type=\"container\">\n\t\t\t\t<div class=\"elementor-element elementor-element-637437b elementor-widget elementor-widget-image\" data-id=\"637437b\" data-element_type=\"widget\" data-e-type=\"widget\" data-settings=\"{&quot;wdt_animation_effect&quot;:&quot;none&quot;}\" data-widget_type=\"image.default\">\n\t\t\t\t\t\t\t\t\t\t\t\t\t\t\t<img fetchpriority=\"high\" decoding=\"async\" width=\"728\" height=\"408\" src=\"https:\/\/www.agrosynergos.com\/wp-content\/uploads\/2026\/03\/StockCake-Growth_Versus_Carbon-585696-medium.jpg\" class=\"attachment-large size-large wp-image-4105\" alt=\"\" srcset=\"https:\/\/www.agrosynergos.com\/wp-content\/uploads\/2026\/03\/StockCake-Growth_Versus_Carbon-585696-medium.jpg 728w, https:\/\/www.agrosynergos.com\/wp-content\/uploads\/2026\/03\/StockCake-Growth_Versus_Carbon-585696-medium-300x168.jpg 300w\" sizes=\"(max-width: 728px) 100vw, 728px\" \/>\t\t\t\t\t\t\t\t\t\t\t\t\t\t\t<\/div>\n\t\t\t\t<\/div>\n\t\t<div class=\"elementor-element elementor-element-27f02cb e-con-full e-flex e-con e-child\" data-id=\"27f02cb\" data-element_type=\"container\" data-e-type=\"container\">\n\t\t\t\t<div class=\"elementor-element elementor-element-4eca3de elementor-widget elementor-widget-text-editor\" data-id=\"4eca3de\" data-element_type=\"widget\" data-e-type=\"widget\" data-settings=\"{&quot;wdt_animation_effect&quot;:&quot;none&quot;}\" data-widget_type=\"text-editor.default\">\n\t\t\t\t\t\t\t\t\t<p class=\"p1\">G\u00fcn\u00fcm\u00fczde tar\u0131msal \u00fcretimin yaln\u0131zca miktarsal de\u011fil, \u00e7evresel performans a\u00e7\u0131s\u0131ndan da \u00f6l\u00e7\u00fclmesi giderek daha \u00f6nemli hale gelmi\u015ftir. Agro Synergos, \u00fcretim alanlar\u0131na entegre edilebilen ve karbon ayak izi ile su ayak izini anl\u0131k olarak izleyip raporlayabilen altyap\u0131 ve sistemler geli\u015ftirmektedir.<\/p><p class=\"p1\">Bu sistemler sayesinde i\u015fletmeler; kaynak kullan\u0131m\u0131, \u00e7evresel etki, s\u00fcrd\u00fcr\u00fclebilirlik performans\u0131 ve \u00fcretim verimlili\u011fi konusunda anl\u0131k ve geriye d\u00f6n\u00fck analizlere eri\u015febilmektedir. \u0130zlenebilirlik altyap\u0131lar\u0131m\u0131z, yaln\u0131zca raporlama arac\u0131 de\u011fil; ayn\u0131 zamanda stratejik karar deste\u011fi sa\u011flayan bir y\u00f6netim sistemi niteli\u011fi ta\u015f\u0131maktad\u0131r.<\/p>\t\t\t\t\t\t\t\t<\/div>\n\t\t\t\t<\/div>\n\t\t\t\t\t<\/div>\n\t\t\t\t<\/div>\n\t\t\t\t<\/div>\n\t\t","protected":false},"excerpt":{"rendered":"<p>G\u00fcn\u00fcm\u00fczde tar\u0131msal \u00fcretimin yaln\u0131zca miktarsal de\u011fil, \u00e7evresel performans a\u00e7\u0131s\u0131ndan da \u00f6l\u00e7\u00fclmesi giderek daha \u00f6nemli hale gelmi\u015ftir. Agro Synergos, \u00fcretim alanlar\u0131na entegre edilebilen ve karbon ayak izi ile su ayak izini anl\u0131k olarak izleyip raporlayabilen altyap\u0131 ve sistemler geli\u015ftirmektedir. Bu sistemler sayesinde i\u015fletmeler; kaynak kullan\u0131m\u0131, \u00e7evresel etki, s\u00fcrd\u00fcr\u00fclebilirlik performans\u0131 ve \u00fcretim verimlili\u011fi konusunda anl\u0131k ve geriye [&hellip;]<\/p>\n","protected":false},"author":2,"featured_media":0,"parent":0,"menu_order":0,"comment_status":"closed","ping_status":"closed","template":"","meta":{"_monsterinsights_skip_tracking":false,"_monsterinsights_sitenote_active":false,"_monsterinsights_sitenote_note":"","_monsterinsights_sitenote_category":0,"footnotes":""},"class_list":["post-4103","page","type-page","status-publish","hentry"],"aioseo_notices":[],"_links":{"self":[{"href":"https:\/\/www.agrosynergos.com\/index.php?rest_route=\/wp\/v2\/pages\/4103","targetHints":{"allow":["GET"]}}],"collection":[{"href":"https:\/\/www.agrosynergos.com\/index.php?rest_route=\/wp\/v2\/pages"}],"about":[{"href":"https:\/\/www.agrosynergos.com\/index.php?rest_route=\/wp\/v2\/types\/page"}],"author":[{"embeddable":true,"href":"https:\/\/www.agrosynergos.com\/index.php?rest_route=\/wp\/v2\/users\/2"}],"replies":[{"embeddable":true,"href":"https:\/\/www.agrosynergos.com\/index.php?rest_route=%2Fwp%2Fv2%2Fcomments&post=4103"}],"version-history":[{"count":4,"href":"https:\/\/www.agrosynergos.com\/index.php?rest_route=\/wp\/v2\/pages\/4103\/revisions"}],"predecessor-version":[{"id":4108,"href":"https:\/\/www.agrosynergos.com\/index.php?rest_route=\/wp\/v2\/pages\/4103\/revisions\/4108"}],"wp:attachment":[{"href":"https:\/\/www.agrosynergos.com\/index.php?rest_route=%2Fwp%2Fv2%2Fmedia&parent=4103"}],"curies":[{"name":"wp","href":"https:\/\/api.w.org\/{rel}","templated":true}]}}