{"id":4111,"date":"2026-03-26T09:18:28","date_gmt":"2026-03-26T09:18:28","guid":{"rendered":"https:\/\/www.agrosynergos.com\/?page_id=4111"},"modified":"2026-03-26T09:19:39","modified_gmt":"2026-03-26T09:19:39","slug":"danismanlik-ve-gudumlu-ar-ge-hizmetleri","status":"publish","type":"page","link":"https:\/\/www.agrosynergos.com\/?page_id=4111","title":{"rendered":"Dan\u0131\u015fmanl\u0131k ve G\u00fcd\u00fcml\u00fc Ar-Ge Hizmetleri"},"content":{"rendered":"\t\t<div data-elementor-type=\"wp-page\" data-elementor-id=\"4111\" class=\"elementor elementor-4111\">\n\t\t\t\t<div class=\"elementor-element elementor-element-898b8cd e-flex e-con-boxed e-con e-parent\" data-id=\"898b8cd\" data-element_type=\"container\" data-e-type=\"container\">\n\t\t\t\t\t<div class=\"e-con-inner\">\n\t\t<div class=\"elementor-element elementor-element-526578f e-con-full e-flex e-con e-child\" data-id=\"526578f\" data-element_type=\"container\" data-e-type=\"container\">\n\t\t\t\t<div class=\"elementor-element elementor-element-f04f9cf elementor-widget elementor-widget-image\" data-id=\"f04f9cf\" data-element_type=\"widget\" data-e-type=\"widget\" data-settings=\"{&quot;wdt_animation_effect&quot;:&quot;none&quot;}\" data-widget_type=\"image.default\">\n\t\t\t\t\t\t\t\t\t\t\t\t\t\t\t<img fetchpriority=\"high\" decoding=\"async\" width=\"408\" height=\"728\" src=\"https:\/\/www.agrosynergos.com\/wp-content\/uploads\/2026\/03\/StockCake-Innovative_Technology_Workspace-672088-medium.jpg\" class=\"attachment-large size-large wp-image-4113\" alt=\"\" srcset=\"https:\/\/www.agrosynergos.com\/wp-content\/uploads\/2026\/03\/StockCake-Innovative_Technology_Workspace-672088-medium.jpg 408w, https:\/\/www.agrosynergos.com\/wp-content\/uploads\/2026\/03\/StockCake-Innovative_Technology_Workspace-672088-medium-168x300.jpg 168w\" sizes=\"(max-width: 408px) 100vw, 408px\" \/>\t\t\t\t\t\t\t\t\t\t\t\t\t\t\t<\/div>\n\t\t\t\t<\/div>\n\t\t<div class=\"elementor-element elementor-element-db42b40 e-con-full e-flex e-con e-child\" data-id=\"db42b40\" data-element_type=\"container\" data-e-type=\"container\">\n\t\t\t\t<div class=\"elementor-element elementor-element-2152ba3 elementor-widget elementor-widget-text-editor\" data-id=\"2152ba3\" data-element_type=\"widget\" data-e-type=\"widget\" data-settings=\"{&quot;wdt_animation_effect&quot;:&quot;none&quot;}\" data-widget_type=\"text-editor.default\">\n\t\t\t\t\t\t\t\t\t<p class=\"p1\">Agro Synergos A.\u015e. yaln\u0131zca kendi \u00fcr\u00fcn ve sistemlerini geli\u015ftiren bir \u015firket de\u011fildir. Ayn\u0131 zamanda sekt\u00f6r i\u00e7inde faaliyet g\u00f6steren firmalara \u00f6zel dan\u0131\u015fmanl\u0131k, g\u00fcd\u00fcml\u00fc Ar-Ge ve sipari\u015fe dayal\u0131 proje geli\u015ftirme hizmetleri de sunmaktad\u0131r.<\/p><p class=\"p1\">\u0130\u015f ortaklar\u0131m\u0131z\u0131n ihtiya\u00e7lar\u0131na g\u00f6re \u00f6zel \u00fcr\u00fcn geli\u015ftirme, teknoloji do\u011frulama, prototipleme, saha denemesi, teknik fizibilite, s\u00fcrd\u00fcr\u00fclebilirlik entegrasyonu ve yeni \u00fcr\u00fcn stratejisi gibi ba\u015fl\u0131klarda kapsaml\u0131 destek veriyoruz. Her firman\u0131n ihtiya\u00e7lar\u0131n\u0131n farkl\u0131 oldu\u011funu biliyor; bu nedenle standart \u00e7\u00f6z\u00fcmler yerine probleme \u00f6zel, uygulanabilir ve ticarile\u015febilir Ar-Ge modelleri olu\u015fturuyoruz.<\/p><p class=\"p1\">Bu hizmet anlay\u0131\u015f\u0131 sayesinde Agro Synergos, yaln\u0131zca teknoloji satan de\u011fil; birlikte geli\u015ftiren, birlikte tasarlayan ve sekt\u00f6rle birlikte b\u00fcy\u00fcyen bir inovasyon orta\u011f\u0131 olarak konumlanmaktad\u0131r.<\/p>\t\t\t\t\t\t\t\t<\/div>\n\t\t\t\t<\/div>\n\t\t\t\t\t<\/div>\n\t\t\t\t<\/div>\n\t\t\t\t<\/div>\n\t\t","protected":false},"excerpt":{"rendered":"<p>Agro Synergos A.\u015e. yaln\u0131zca kendi \u00fcr\u00fcn ve sistemlerini geli\u015ftiren bir \u015firket de\u011fildir. Ayn\u0131 zamanda sekt\u00f6r i\u00e7inde faaliyet g\u00f6steren firmalara \u00f6zel dan\u0131\u015fmanl\u0131k, g\u00fcd\u00fcml\u00fc Ar-Ge ve sipari\u015fe dayal\u0131 proje geli\u015ftirme hizmetleri de sunmaktad\u0131r. \u0130\u015f ortaklar\u0131m\u0131z\u0131n ihtiya\u00e7lar\u0131na g\u00f6re \u00f6zel \u00fcr\u00fcn geli\u015ftirme, teknoloji do\u011frulama, prototipleme, saha denemesi, teknik fizibilite, s\u00fcrd\u00fcr\u00fclebilirlik entegrasyonu ve yeni \u00fcr\u00fcn stratejisi gibi ba\u015fl\u0131klarda kapsaml\u0131 destek [&hellip;]<\/p>\n","protected":false},"author":2,"featured_media":0,"parent":0,"menu_order":0,"comment_status":"closed","ping_status":"closed","template":"","meta":{"_monsterinsights_skip_tracking":false,"_monsterinsights_sitenote_active":false,"_monsterinsights_sitenote_note":"","_monsterinsights_sitenote_category":0,"footnotes":""},"class_list":["post-4111","page","type-page","status-publish","hentry"],"aioseo_notices":[],"_links":{"self":[{"href":"https:\/\/www.agrosynergos.com\/index.php?rest_route=\/wp\/v2\/pages\/4111","targetHints":{"allow":["GET"]}}],"collection":[{"href":"https:\/\/www.agrosynergos.com\/index.php?rest_route=\/wp\/v2\/pages"}],"about":[{"href":"https:\/\/www.agrosynergos.com\/index.php?rest_route=\/wp\/v2\/types\/page"}],"author":[{"embeddable":true,"href":"https:\/\/www.agrosynergos.com\/index.php?rest_route=\/wp\/v2\/users\/2"}],"replies":[{"embeddable":true,"href":"https:\/\/www.agrosynergos.com\/index.php?rest_route=%2Fwp%2Fv2%2Fcomments&post=4111"}],"version-history":[{"count":4,"href":"https:\/\/www.agrosynergos.com\/index.php?rest_route=\/wp\/v2\/pages\/4111\/revisions"}],"predecessor-version":[{"id":4116,"href":"https:\/\/www.agrosynergos.com\/index.php?rest_route=\/wp\/v2\/pages\/4111\/revisions\/4116"}],"wp:attachment":[{"href":"https:\/\/www.agrosynergos.com\/index.php?rest_route=%2Fwp%2Fv2%2Fmedia&parent=4111"}],"curies":[{"name":"wp","href":"https:\/\/api.w.org\/{rel}","templated":true}]}}