{"id":4118,"date":"2026-03-26T09:24:50","date_gmt":"2026-03-26T09:24:50","guid":{"rendered":"https:\/\/www.agrosynergos.com\/?page_id=4118"},"modified":"2026-03-26T09:27:51","modified_gmt":"2026-03-26T09:27:51","slug":"enerji-ve-endustriyel-sistem-gelistirme","status":"publish","type":"page","link":"https:\/\/www.agrosynergos.com\/?page_id=4118","title":{"rendered":"Enerji ve End\u00fcstriyel Sistem Geli\u015ftirme"},"content":{"rendered":"\t\t<div data-elementor-type=\"wp-page\" data-elementor-id=\"4118\" class=\"elementor elementor-4118\">\n\t\t\t\t<div class=\"elementor-element elementor-element-c202994 e-flex e-con-boxed e-con e-parent\" data-id=\"c202994\" data-element_type=\"container\" data-e-type=\"container\">\n\t\t\t\t\t<div class=\"e-con-inner\">\n\t\t<div class=\"elementor-element elementor-element-cd4a56a e-con-full e-flex e-con e-child\" data-id=\"cd4a56a\" data-element_type=\"container\" data-e-type=\"container\">\n\t\t\t\t<div class=\"elementor-element elementor-element-3d99fcc elementor-widget elementor-widget-image\" data-id=\"3d99fcc\" data-element_type=\"widget\" data-e-type=\"widget\" data-settings=\"{&quot;wdt_animation_effect&quot;:&quot;none&quot;}\" data-widget_type=\"image.default\">\n\t\t\t\t\t\t\t\t\t\t\t\t\t\t\t<img fetchpriority=\"high\" decoding=\"async\" width=\"512\" height=\"512\" src=\"https:\/\/www.agrosynergos.com\/wp-content\/uploads\/2026\/03\/StockCake-Coastal_Nuclear_Facility-4010072-medium.webp\" class=\"attachment-large size-large wp-image-4120\" alt=\"\" srcset=\"https:\/\/www.agrosynergos.com\/wp-content\/uploads\/2026\/03\/StockCake-Coastal_Nuclear_Facility-4010072-medium.webp 512w, https:\/\/www.agrosynergos.com\/wp-content\/uploads\/2026\/03\/StockCake-Coastal_Nuclear_Facility-4010072-medium-300x300.webp 300w, https:\/\/www.agrosynergos.com\/wp-content\/uploads\/2026\/03\/StockCake-Coastal_Nuclear_Facility-4010072-medium-150x150.webp 150w, https:\/\/www.agrosynergos.com\/wp-content\/uploads\/2026\/03\/StockCake-Coastal_Nuclear_Facility-4010072-medium-100x100.webp 100w\" sizes=\"(max-width: 512px) 100vw, 512px\" \/>\t\t\t\t\t\t\t\t\t\t\t\t\t\t\t<\/div>\n\t\t\t\t<\/div>\n\t\t<div class=\"elementor-element elementor-element-0746661 e-con-full e-flex e-con e-child\" data-id=\"0746661\" data-element_type=\"container\" data-e-type=\"container\">\n\t\t\t\t<div class=\"elementor-element elementor-element-716f547 elementor-widget elementor-widget-text-editor\" data-id=\"716f547\" data-element_type=\"widget\" data-e-type=\"widget\" data-settings=\"{&quot;wdt_animation_effect&quot;:&quot;none&quot;}\" data-widget_type=\"text-editor.default\">\n\t\t\t\t\t\t\t\t\t<p class=\"p1\">Tar\u0131m teknolojileri ana oda\u011f\u0131m\u0131z olmakla birlikte, \u015firketimiz do\u011falgaz t\u00fcrevlerinin ta\u015f\u0131nmas\u0131na y\u00f6nelik sistem geli\u015ftirme \u00e7al\u0131\u015fmalar\u0131na da \u00f6nem vermektedir. Bu alandaki \u00e7al\u0131\u015fmalar\u0131m\u0131z, enerji ve end\u00fcstriyel altyap\u0131 ihtiya\u00e7lar\u0131na teknoloji tabanl\u0131 \u00e7\u00f6z\u00fcmler \u00fcretme vizyonumuzun bir par\u00e7as\u0131d\u0131r.<\/p><p class=\"p1\">Bu yakla\u015f\u0131m, Agro Synergos\u2019un sadece tar\u0131m sekt\u00f6r\u00fcnde de\u011fil, m\u00fchendislik temelli farkl\u0131 stratejik alanlarda da sistem geli\u015ftirme yetkinli\u011fine sahip bir \u015firket oldu\u011funu g\u00f6stermektedir. B\u00f6ylece \u015firketimiz, disiplinler aras\u0131 m\u00fchendislik bak\u0131\u015f\u0131n\u0131 farkl\u0131 sekt\u00f6rlerde somut \u00e7\u00f6z\u00fcmlere d\u00f6n\u00fc\u015ft\u00fcrebilen bir kapasiteye sahiptir.<\/p>\t\t\t\t\t\t\t\t<\/div>\n\t\t\t\t<\/div>\n\t\t\t\t\t<\/div>\n\t\t\t\t<\/div>\n\t\t\t\t<\/div>\n\t\t","protected":false},"excerpt":{"rendered":"<p>Tar\u0131m teknolojileri ana oda\u011f\u0131m\u0131z olmakla birlikte, \u015firketimiz do\u011falgaz t\u00fcrevlerinin ta\u015f\u0131nmas\u0131na y\u00f6nelik sistem geli\u015ftirme \u00e7al\u0131\u015fmalar\u0131na da \u00f6nem vermektedir. Bu alandaki \u00e7al\u0131\u015fmalar\u0131m\u0131z, enerji ve end\u00fcstriyel altyap\u0131 ihtiya\u00e7lar\u0131na teknoloji tabanl\u0131 \u00e7\u00f6z\u00fcmler \u00fcretme vizyonumuzun bir par\u00e7as\u0131d\u0131r. Bu yakla\u015f\u0131m, Agro Synergos\u2019un sadece tar\u0131m sekt\u00f6r\u00fcnde de\u011fil, m\u00fchendislik temelli farkl\u0131 stratejik alanlarda da sistem geli\u015ftirme yetkinli\u011fine sahip bir \u015firket oldu\u011funu g\u00f6stermektedir. B\u00f6ylece [&hellip;]<\/p>\n","protected":false},"author":2,"featured_media":0,"parent":0,"menu_order":0,"comment_status":"closed","ping_status":"closed","template":"","meta":{"_monsterinsights_skip_tracking":false,"_monsterinsights_sitenote_active":false,"_monsterinsights_sitenote_note":"","_monsterinsights_sitenote_category":0,"footnotes":""},"class_list":["post-4118","page","type-page","status-publish","hentry"],"aioseo_notices":[],"_links":{"self":[{"href":"https:\/\/www.agrosynergos.com\/index.php?rest_route=\/wp\/v2\/pages\/4118","targetHints":{"allow":["GET"]}}],"collection":[{"href":"https:\/\/www.agrosynergos.com\/index.php?rest_route=\/wp\/v2\/pages"}],"about":[{"href":"https:\/\/www.agrosynergos.com\/index.php?rest_route=\/wp\/v2\/types\/page"}],"author":[{"embeddable":true,"href":"https:\/\/www.agrosynergos.com\/index.php?rest_route=\/wp\/v2\/users\/2"}],"replies":[{"embeddable":true,"href":"https:\/\/www.agrosynergos.com\/index.php?rest_route=%2Fwp%2Fv2%2Fcomments&post=4118"}],"version-history":[{"count":4,"href":"https:\/\/www.agrosynergos.com\/index.php?rest_route=\/wp\/v2\/pages\/4118\/revisions"}],"predecessor-version":[{"id":4123,"href":"https:\/\/www.agrosynergos.com\/index.php?rest_route=\/wp\/v2\/pages\/4118\/revisions\/4123"}],"wp:attachment":[{"href":"https:\/\/www.agrosynergos.com\/index.php?rest_route=%2Fwp%2Fv2%2Fmedia&parent=4118"}],"curies":[{"name":"wp","href":"https:\/\/api.w.org\/{rel}","templated":true}]}}